{"id":44,"date":"2022-11-06T13:15:20","date_gmt":"2022-11-06T16:15:20","guid":{"rendered":"https:\/\/www.prayandfaith.com\/fale-conosco-cloned-at-2022-11-06-164038\/"},"modified":"2026-01-07T14:52:27","modified_gmt":"2026-01-07T17:52:27","slug":"quienes-somos","status":"publish","type":"page","link":"https:\/\/www.prayandfaith.com\/es\/quem-somos\/","title":{"rendered":"Quienes somos"},"content":{"rendered":"<p>El sitio web prayandfaith.com fue creado con el objetivo de ayudar a las personas a conocer a Dios, conectarse con \u00c9l y seguir sus ense\u00f1anzas.<\/p>\n<p>Nuestro contenido est\u00e1 dirigido a ti que quieres recibir un mensaje diario de paz, motivaci\u00f3n, prosperidad y fe.<\/p>\n<p>Es evidente que el ajetreo de la vida cotidiana ha alejado a muchas personas de la fe y la espiritualidad. A trav\u00e9s de la tecnolog\u00eda, queremos reavivar este inter\u00e9s y acercarte a Dios.<\/p>\n<p>Estar conectado con Dios significa estar en armon\u00eda en todos los aspectos de tu vida. Tener fe y creer que todo saldr\u00e1 bien es el primer paso hacia la grandeza.<\/p>\n<p>\u00a1Nuestra misi\u00f3n es ayudarte! Te guiaremos por el camino de Dios de forma sencilla y directa mediante mensajes b\u00edblicos, ense\u00f1anzas, mensajes motivacionales y oraciones.<\/p>\n<p>Haremos todo lo posible para ayudarle en este camino de fe y prosperidad. Creemos en la belleza de la vida, basada en una familia que cree en Dios y su amor.<\/p>\n<p>Ven con nosotros y perm\u00edtete recorrer un camino de \u00e9xito y prosperidad con la Gracia de Dios.<\/p>\n<p>\u201cNo debemos cansarnos de hacer el bien, porque a su debido tiempo cosecharemos si no desmayamos.\u201d G\u00e1latas 6:9<\/p>","protected":false},"excerpt":{"rendered":"<p>El sitio web prayandfaith.com se cre\u00f3 con el objetivo de ayudar a las personas a conocer a Dios, conectar con \u00e9l y seguir sus ense\u00f1anzas. Nuestro contenido est\u00e1 dirigido a quienes desean recibir un mensaje diario de paz, motivaci\u00f3n, prosperidad y fe. Es evidente que el ajetreo de la vida diaria ha alejado a muchas personas de la fe\u2026&nbsp;<\/p>","protected":false},"author":1,"featured_media":0,"parent":0,"menu_order":0,"comment_status":"closed","ping_status":"closed","template":"","meta":{"neve_meta_sidebar":"","neve_meta_container":"","neve_meta_enable_content_width":"","neve_meta_content_width":0,"neve_meta_title_alignment":"","neve_meta_author_avatar":"","neve_post_elements_order":"","neve_meta_disable_header":"","neve_meta_disable_footer":"","neve_meta_disable_title":"","footnotes":""},"class_list":["post-44","page","type-page","status-publish","hentry"],"yoast_head":"<!-- This site is optimized with the Yoast SEO plugin v27.4 - https:\/\/yoast.com\/product\/yoast-seo-wordpress\/ -->\n<title>Quem somos - Ora\u00e7\u00e3o e F\u00e9<\/title>\n<meta name=\"robots\" content=\"index, follow, max-snippet:-1, max-image-preview:large, max-video-preview:-1\" \/>\n<link rel=\"canonical\" href=\"https:\/\/www.prayandfaith.com\/es\/quienes-somos\/\" \/>\n<meta property=\"og:locale\" content=\"es_ES\" \/>\n<meta property=\"og:type\" content=\"article\" \/>\n<meta property=\"og:title\" content=\"Quem somos - Ora\u00e7\u00e3o e F\u00e9\" \/>\n<meta property=\"og:description\" content=\"O site prayandfaith.com nasceu com o objetivo de ajudar as pessoas a conhecerem a Deus, conectar-se com Ele e seguir os seus ensinamentos. Nosso conte\u00fado \u00e9 voltado para voc\u00ea que quer receber diariamente uma mensagem de paz, motiva\u00e7\u00e3o, prosperidade e f\u00e9. \u00c9 evidente que a correria do dia a dia afastaram muitas pessoas da f\u00e9&hellip;&nbsp;\" \/>\n<meta property=\"og:url\" content=\"https:\/\/www.prayandfaith.com\/es\/quienes-somos\/\" \/>\n<meta property=\"og:site_name\" content=\"Ora\u00e7\u00e3o e F\u00e9\" \/>\n<meta property=\"article:modified_time\" content=\"2026-01-07T17:52:27+00:00\" \/>\n<meta name=\"twitter:card\" content=\"summary_large_image\" \/>\n<meta name=\"twitter:label1\" content=\"Tiempo de lectura\" \/>\n\t<meta name=\"twitter:data1\" content=\"1 minuto\" \/>\n<script type=\"application\/ld+json\" class=\"yoast-schema-graph\">{\"@context\":\"https:\\\/\\\/schema.org\",\"@graph\":[{\"@type\":\"WebPage\",\"@id\":\"https:\\\/\\\/www.prayandfaith.com\\\/quem-somos\\\/\",\"url\":\"https:\\\/\\\/www.prayandfaith.com\\\/quem-somos\\\/\",\"name\":\"Quem somos - Ora\u00e7\u00e3o e F\u00e9\",\"isPartOf\":{\"@id\":\"https:\\\/\\\/www.prayandfaith.com\\\/#website\"},\"datePublished\":\"2022-11-06T16:15:20+00:00\",\"dateModified\":\"2026-01-07T17:52:27+00:00\",\"breadcrumb\":{\"@id\":\"https:\\\/\\\/www.prayandfaith.com\\\/quem-somos\\\/#breadcrumb\"},\"inLanguage\":\"es\",\"potentialAction\":[{\"@type\":\"ReadAction\",\"target\":[\"https:\\\/\\\/www.prayandfaith.com\\\/quem-somos\\\/\"]}]},{\"@type\":\"BreadcrumbList\",\"@id\":\"https:\\\/\\\/www.prayandfaith.com\\\/quem-somos\\\/#breadcrumb\",\"itemListElement\":[{\"@type\":\"ListItem\",\"position\":1,\"name\":\"In\u00edcio\",\"item\":\"https:\\\/\\\/www.prayandfaith.com\\\/\"},{\"@type\":\"ListItem\",\"position\":2,\"name\":\"Quem somos\"}]},{\"@type\":\"WebSite\",\"@id\":\"https:\\\/\\\/www.prayandfaith.com\\\/#website\",\"url\":\"https:\\\/\\\/www.prayandfaith.com\\\/\",\"name\":\"PrayandFaith\",\"description\":\"O poder da Ora\u00e7\u00e3o e da F\u00e9\",\"publisher\":{\"@id\":\"https:\\\/\\\/www.prayandfaith.com\\\/#organization\"},\"potentialAction\":[{\"@type\":\"SearchAction\",\"target\":{\"@type\":\"EntryPoint\",\"urlTemplate\":\"https:\\\/\\\/www.prayandfaith.com\\\/?s={search_term_string}\"},\"query-input\":{\"@type\":\"PropertyValueSpecification\",\"valueRequired\":true,\"valueName\":\"search_term_string\"}}],\"inLanguage\":\"es\"},{\"@type\":\"Organization\",\"@id\":\"https:\\\/\\\/www.prayandfaith.com\\\/#organization\",\"name\":\"PrayandFaith\",\"url\":\"https:\\\/\\\/www.prayandfaith.com\\\/\",\"logo\":{\"@type\":\"ImageObject\",\"inLanguage\":\"es\",\"@id\":\"https:\\\/\\\/www.prayandfaith.com\\\/#\\\/schema\\\/logo\\\/image\\\/\",\"url\":\"https:\\\/\\\/www.prayandfaith.com\\\/wp-content\\\/uploads\\\/2025\\\/01\\\/cropped-pray-and-faith-1.jpg\",\"contentUrl\":\"https:\\\/\\\/www.prayandfaith.com\\\/wp-content\\\/uploads\\\/2025\\\/01\\\/cropped-pray-and-faith-1.jpg\",\"width\":400,\"height\":80,\"caption\":\"PrayandFaith\"},\"image\":{\"@id\":\"https:\\\/\\\/www.prayandfaith.com\\\/#\\\/schema\\\/logo\\\/image\\\/\"}}]}<\/script>\n<!-- \/ Yoast SEO plugin. -->","yoast_head_json":{"title":"Quienes somos - Oraci\u00f3n y Fe","robots":{"index":"index","follow":"follow","max-snippet":"max-snippet:-1","max-image-preview":"max-image-preview:large","max-video-preview":"max-video-preview:-1"},"canonical":"https:\/\/www.prayandfaith.com\/es\/quienes-somos\/","og_locale":"es_ES","og_type":"article","og_title":"Quem somos - Ora\u00e7\u00e3o e F\u00e9","og_description":"O site prayandfaith.com nasceu com o objetivo de ajudar as pessoas a conhecerem a Deus, conectar-se com Ele e seguir os seus ensinamentos. Nosso conte\u00fado \u00e9 voltado para voc\u00ea que quer receber diariamente uma mensagem de paz, motiva\u00e7\u00e3o, prosperidade e f\u00e9. \u00c9 evidente que a correria do dia a dia afastaram muitas pessoas da f\u00e9&hellip;&nbsp;","og_url":"https:\/\/www.prayandfaith.com\/es\/quienes-somos\/","og_site_name":"Ora\u00e7\u00e3o e F\u00e9","article_modified_time":"2026-01-07T17:52:27+00:00","twitter_card":"summary_large_image","twitter_misc":{"Tiempo de lectura":"1 minuto"},"schema":{"@context":"https:\/\/schema.org","@graph":[{"@type":"WebPage","@id":"https:\/\/www.prayandfaith.com\/quem-somos\/","url":"https:\/\/www.prayandfaith.com\/quem-somos\/","name":"Quienes somos - Oraci\u00f3n y Fe","isPartOf":{"@id":"https:\/\/www.prayandfaith.com\/#website"},"datePublished":"2022-11-06T16:15:20+00:00","dateModified":"2026-01-07T17:52:27+00:00","breadcrumb":{"@id":"https:\/\/www.prayandfaith.com\/quem-somos\/#breadcrumb"},"inLanguage":"es","potentialAction":[{"@type":"ReadAction","target":["https:\/\/www.prayandfaith.com\/quem-somos\/"]}]},{"@type":"BreadcrumbList","@id":"https:\/\/www.prayandfaith.com\/quem-somos\/#breadcrumb","itemListElement":[{"@type":"ListItem","position":1,"name":"In\u00edcio","item":"https:\/\/www.prayandfaith.com\/"},{"@type":"ListItem","position":2,"name":"Quem somos"}]},{"@type":"WebSite","@id":"https:\/\/www.prayandfaith.com\/#website","url":"https:\/\/www.prayandfaith.com\/","name":"Oraci\u00f3n y fe","description":"El poder de la oraci\u00f3n y la fe","publisher":{"@id":"https:\/\/www.prayandfaith.com\/#organization"},"potentialAction":[{"@type":"SearchAction","target":{"@type":"EntryPoint","urlTemplate":"https:\/\/www.prayandfaith.com\/?s={search_term_string}"},"query-input":{"@type":"PropertyValueSpecification","valueRequired":true,"valueName":"search_term_string"}}],"inLanguage":"es"},{"@type":"Organization","@id":"https:\/\/www.prayandfaith.com\/#organization","name":"Oraci\u00f3n y fe","url":"https:\/\/www.prayandfaith.com\/","logo":{"@type":"ImageObject","inLanguage":"es","@id":"https:\/\/www.prayandfaith.com\/#\/schema\/logo\/image\/","url":"https:\/\/www.prayandfaith.com\/wp-content\/uploads\/2025\/01\/cropped-pray-and-faith-1.jpg","contentUrl":"https:\/\/www.prayandfaith.com\/wp-content\/uploads\/2025\/01\/cropped-pray-and-faith-1.jpg","width":400,"height":80,"caption":"PrayandFaith"},"image":{"@id":"https:\/\/www.prayandfaith.com\/#\/schema\/logo\/image\/"}}]}},"_links":{"self":[{"href":"https:\/\/www.prayandfaith.com\/es\/wp-json\/wp\/v2\/pages\/44","targetHints":{"allow":["GET"]}}],"collection":[{"href":"https:\/\/www.prayandfaith.com\/es\/wp-json\/wp\/v2\/pages"}],"about":[{"href":"https:\/\/www.prayandfaith.com\/es\/wp-json\/wp\/v2\/types\/page"}],"author":[{"embeddable":true,"href":"https:\/\/www.prayandfaith.com\/es\/wp-json\/wp\/v2\/users\/1"}],"replies":[{"embeddable":true,"href":"https:\/\/www.prayandfaith.com\/es\/wp-json\/wp\/v2\/comments?post=44"}],"version-history":[{"count":4,"href":"https:\/\/www.prayandfaith.com\/es\/wp-json\/wp\/v2\/pages\/44\/revisions"}],"predecessor-version":[{"id":2245,"href":"https:\/\/www.prayandfaith.com\/es\/wp-json\/wp\/v2\/pages\/44\/revisions\/2245"}],"wp:attachment":[{"href":"https:\/\/www.prayandfaith.com\/es\/wp-json\/wp\/v2\/media?parent=44"}],"curies":[{"name":"gracias","href":"https:\/\/api.w.org\/{rel}","templated":true}]}}