{"id":39,"date":"2022-11-06T13:15:20","date_gmt":"2022-11-06T16:15:20","guid":{"rendered":"https:\/\/www.prayandfaith.com\/termos-de-uso-cloned-at-2022-11-06-162347\/"},"modified":"2026-01-07T14:52:03","modified_gmt":"2026-01-07T17:52:03","slug":"politicas-de-privacidad","status":"publish","type":"page","link":"https:\/\/www.prayandfaith.com\/es\/politicas-de-privacidade\/","title":{"rendered":"Pol\u00edticas de privacidad"},"content":{"rendered":"<p>Su privacidad es importante para nosotros. La pol\u00edtica de Pray and Faith es respetar su privacidad con respecto a cualquier informaci\u00f3n que recopilemos de usted en el sitio web. <a href=\"https:\/\/www.prayandfaith.com\/es\/\">Oraci\u00f3n y fe<\/a>y otros sitios web que poseemos y operamos.<\/p>\n<p>S\u00f3lo solicitamos informaci\u00f3n personal cuando realmente la necesitamos para ayudarle.<br \/>\nOfrecemos un servicio. Lo hacemos de forma justa y legal, con su conocimiento y consentimiento. Tambi\u00e9n le informamos por qu\u00e9 recopilamos sus datos y c\u00f3mo los utilizaremos.<\/p>\n<p>Solo conservamos la informaci\u00f3n recopilada durante el tiempo que sea necesario para prestar el servicio solicitado.<br \/>\nCuando almacenamos datos, los protegemos mediante medios comercialmente aceptables para evitar p\u00e9rdidas y robos, as\u00ed como acceso, divulgaci\u00f3n, copia, uso o modificaci\u00f3n no autorizados.<\/p>\n<p>No compartimos informaci\u00f3n de identificaci\u00f3n personal p\u00fablicamente ni con terceros, excepto cuando lo exige la ley.<\/p>\n<p>Nuestro sitio web puede contener enlaces a sitios externos que no operamos. Tenga en cuenta que no tenemos control sobre el contenido ni las pr\u00e1cticas de estos sitios y no nos responsabilizamos de sus respectivas pol\u00edticas. <a href=\"https:\/\/privacidade.me\/\" target=\"_BLANK\">pol\u00edticas de privacidad<\/a>.<\/p>\n<p>Usted es libre de rechazar nuestra solicitud de informaci\u00f3n personal, entendiendo que es posible que no podamos brindarle algunos de los servicios que desea.<\/p>\n<p>El uso continuado de nuestro sitio web se considerar\u00e1 como la aceptaci\u00f3n de nuestras pr\u00e1cticas de privacidad e informaci\u00f3n personal. Si tiene alguna pregunta sobre c\u00f3mo gestionamos sus datos...<br \/>\nSi tiene informaci\u00f3n de usuario y personal, p\u00f3ngase en contacto con nosotros.<\/p>\n<h2>Pol\u00edtica de cookies de Pray and Faith<\/h2>\n<h2>\u00bfQu\u00e9 son las cookies?<\/h2>\n<p>Como es habitual en casi todos los sitios web profesionales, este sitio utiliza cookies, que son peque\u00f1os archivos que se descargan en su ordenador, para mejorar su experiencia. Esta p\u00e1gina describe qu\u00e9 informaci\u00f3n recopilan, c\u00f3mo la usamos y por qu\u00e9 a veces necesitamos almacenarla.<br \/>\nTambi\u00e9n compartiremos c\u00f3mo puede evitar que se almacenen estas cookies; sin embargo, esto puede degradar o &quot;romper&quot; ciertos elementos de la funcionalidad del sitio.<\/p>\n<h2>\u00bfC\u00f3mo utilizamos las cookies?<\/h2>\n<p>Utilizamos cookies por diversas razones, que se detallan a continuaci\u00f3n. Lamentablemente, en la mayor\u00eda de los casos, no existen opciones est\u00e1ndar en la industria para deshabilitar las cookies sin desactivar por completo la funcionalidad y las caracter\u00edsticas que a\u00f1aden a este sitio. Se recomienda dejar todas las cookies habilitadas si no est\u00e1 seguro de si las necesita o no, en caso de que se utilicen para prestar un servicio que utiliza.<\/p>\n<h2>Deshabilitar cookies<\/h2>\n<p>Puede evitar la instalaci\u00f3n de cookies configurando su navegador (consulte la Ayuda de su navegador para saber c\u00f3mo hacerlo). Tenga en cuenta que deshabilitar las cookies afectar\u00e1<br \/>\nLa funcionalidad de este y muchos otros sitios web que visita. Deshabilitar las cookies generalmente deshabilitar\u00e1 ciertas funcionalidades y caracter\u00edsticas de este sitio web. Por lo tanto, se recomienda no deshabilitar las cookies.<\/p>\n<h2>Cookies que configuramos<\/h2>\n<p>Cookies relacionadas con la cuenta<br \/>\nSi crea una cuenta con nosotros, utilizaremos cookies para gestionar el proceso de registro y la administraci\u00f3n general. Estas cookies generalmente se eliminar\u00e1n al cerrar sesi\u00f3n; sin embargo, en algunos casos, podr\u00edan permanecer despu\u00e9s para recordar las referencias a su sitio al salir.<\/p>\n<p>Cookies relacionadas con el inicio de sesi\u00f3n<br \/>\nUtilizamos cookies cuando usted inicia sesi\u00f3n para que podamos recordarle.<br \/>\nEsta acci\u00f3n evita que tengas que iniciar sesi\u00f3n cada vez que visitas una p\u00e1gina nueva. Estas cookies suelen eliminarse o borrarse al cerrar sesi\u00f3n para garantizar que solo puedas acceder a recursos y \u00e1reas restringidas cuando hayas iniciado sesi\u00f3n.<\/p>\n<p>Cookies relacionadas con el bolet\u00edn informativo por correo electr\u00f3nico<br \/>\nEste sitio web ofrece servicios de suscripci\u00f3n a boletines informativos o correo electr\u00f3nico, y se pueden utilizar cookies para recordar si ya est\u00e1 registrado y si desea mostrarle solo ciertas notificaciones v\u00e1lidas.<br \/>\nPara usuarios registrados\/no registrados.<\/p>\n<p>Cookies relacionadas con el procesamiento de pedidos<br \/>\nEste sitio web ofrece facilidades de comercio electr\u00f3nico y pago, y algunas cookies son esenciales para garantizar que su pedido se recuerde entre p\u00e1ginas para que podamos procesarlo correctamente.<\/p>\n<p>Cookies relacionadas con la investigaci\u00f3n<br \/>\nPeri\u00f3dicamente, ofrecemos encuestas y cuestionarios para proporcionar informaci\u00f3n interesante, herramientas \u00fatiles o para comprender mejor a nuestros usuarios. Estas encuestas pueden utilizar cookies para recordar qui\u00e9n ya ha participado en una encuesta o para proporcionar resultados.<br \/>\nPreciso despu\u00e9s de los cambios de p\u00e1gina.<\/p>\n<p>Cookies relacionadas con formularios<br \/>\nCuando env\u00eda datos a trav\u00e9s de un formulario, como los que se encuentran en las p\u00e1ginas de contacto o formularios de comentarios, se pueden configurar cookies para recordar sus datos de usuario para futura correspondencia.<\/p>\n<p>Cookies de preferencias del sitio<br \/>\nPara brindarte una excelente experiencia en este sitio, te ofrecemos la posibilidad de configurar tus preferencias sobre el comportamiento del sitio al usarlo. Para recordar tus preferencias, necesitamos configurar cookies para que esta informaci\u00f3n se pueda recuperar cada vez que interact\u00faes con una p\u00e1gina afectada por tus preferencias.<\/p>\n<h2>Cookies de terceros<\/h2>\n<p>En algunos casos especiales, tambi\u00e9n utilizamos cookies proporcionadas por terceros de confianza. La siguiente secci\u00f3n detalla qu\u00e9 cookies de terceros puede encontrar en este sitio web.<\/p>\n<p>Este sitio web utiliza Google Analytics, una de las soluciones de an\u00e1lisis web m\u00e1s extendidas y fiables, para comprender c\u00f3mo utiliza el sitio y c\u00f3mo podemos mejorar su experiencia. Estas cookies pueden registrar datos como el tiempo que pasa en el sitio y las p\u00e1ginas que visita, para que podamos seguir creando contenido atractivo.<\/p>\n<p>Para obtener m\u00e1s informaci\u00f3n sobre las cookies de Google Analytics, consulte la p\u00e1gina oficial de Google Analytics.<\/p>\n<p>Utilizamos an\u00e1lisis de terceros para rastrear y medir el uso de este sitio y as\u00ed poder seguir produciendo contenido atractivo. Estas cookies pueden rastrear aspectos como el tiempo que pasa en el sitio o las p\u00e1ginas que visita, lo que nos ayuda a comprender c\u00f3mo podemos mejorarlo. Peri\u00f3dicamente, probamos nuevas funciones y realizamos peque\u00f1os cambios en la presentaci\u00f3n del sitio. Mientras probamos nuevas funciones, podemos utilizar estas cookies para garantizar una experiencia consistente en el sitio y para comprender qu\u00e9 optimizaciones valoran m\u00e1s nuestros usuarios. Al vender productos, es importante para nosotros comprender las estad\u00edsticas sobre cu\u00e1ntos visitantes de nuestro sitio web compran realmente; por lo tanto, este es el tipo de datos que estas cookies rastrear\u00e1n. Esto es importante para usted porque nos permite realizar predicciones comerciales precisas que nos permiten analizar nuestros costos de publicidad y productos para garantizar el mejor precio posible.<\/p>\n<h2>Compromiso del usuario<\/h2>\n<p>El usuario se compromete a hacer un uso adecuado del contenido e informaci\u00f3n que Pray and Faith ofrece en el sitio web, incluyendo pero no limitado a:<\/p>\n<p>A) No incurrir en actividades ilegales o contrarias a la buena fe y al orden p\u00fablico;<br \/>\nB) No difundir propaganda o contenidos de car\u00e1cter racista o xen\u00f3fobo, o relacionados con juegos de azar, juegos de azar, cualquier tipo de pornograf\u00eda ilegal, o contenidos que fomenten el terrorismo o atenten contra los derechos humanos;<br \/>\nC) No provocar da\u00f1os en los sistemas f\u00edsicos (hardware) y l\u00f3gicos (software) de Pray and Faith, de sus proveedores o de terceras personas, introducir o difundir en la red virus inform\u00e1ticos o cualesquiera otros sistemas f\u00edsicos o l\u00f3gicos que sean susceptibles de provocar los da\u00f1os anteriormente mencionados.<\/p>\n<h2>Pol\u00edticas de privacidad de terceros<\/h2>\n<p>La Pol\u00edtica de Privacidad del sitio web prayandfaith.com no aplica a otros anunciantes ni sitios web. Por lo tanto, le recomendamos consultar las respectivas Pol\u00edticas de Privacidad de dichos servidores de anuncios.<br \/>\nPara obtener informaci\u00f3n m\u00e1s detallada, consulte a terceros. Esto puede incluir sus pr\u00e1cticas e instrucciones sobre c\u00f3mo deshabilitar ciertas opciones.<\/p>\n<p>Puede desactivar las cookies en la configuraci\u00f3n de su navegador. Para obtener informaci\u00f3n m\u00e1s detallada sobre la gesti\u00f3n de cookies en distintos navegadores, consulte el sitio web de su navegador.<br \/>\nse encuentran en los respectivos sitios web del navegador.<\/p>\n<h2>M\u00e1s informaci\u00f3n<\/h2>\n<p>Esperamos que esto quede claro y, como se mencion\u00f3 anteriormente, si hay algo que no est\u00e1 seguro si necesita o no, generalmente es m\u00e1s seguro dejar las cookies habilitadas en caso de que interact\u00fae con una de las<br \/>\nRecursos que utiliza en nuestro sitio web. Google utiliza cookies o identificadores \u00fanicos de dispositivo, junto con sus datos, para mostrar anuncios basados en su visita a prayandfaith.com y otros sitios. Puede desactivar el uso de cookies de Google consultando su pol\u00edtica de privacidad.<\/p>\n<p>Para obtener m\u00e1s informaci\u00f3n sobre la publicidad dirigida y c\u00f3mo optar por no participar con su navegador y dispositivo espec\u00edficos, visite D<a href=\"https:\/\/optout.aboutads.info\/?c=2&lang=EN\" target=\"_blank\" rel=\"noopener\">Comprobaci\u00f3n del navegador AA Webchoices<\/a> y <a href=\"https:\/\/optout.networkadvertising.org\/?c=1\" target=\"_blank\" rel=\"noopener\">Exclusi\u00f3n voluntaria de publicidad basada en intereses de NAI<\/a>.<\/p>\n<p>Esta pol\u00edtica entra en vigor a partir de noviembre de 2022.<\/p>","protected":false},"excerpt":{"rendered":"<p>Su privacidad es importante para nosotros. La pol\u00edtica de Pray and Faith es respetar su privacidad con respecto a cualquier informaci\u00f3n que recopilemos de usted en el sitio web de Pray and Faith y en otros sitios web que poseemos y operamos. Solo solicitamos informaci\u00f3n personal cuando realmente la necesitamos para brindarle un servicio. Lo hacemos por medios justos.&nbsp;<\/p>","protected":false},"author":1,"featured_media":0,"parent":0,"menu_order":0,"comment_status":"closed","ping_status":"closed","template":"","meta":{"neve_meta_sidebar":"","neve_meta_container":"","neve_meta_enable_content_width":"","neve_meta_content_width":0,"neve_meta_title_alignment":"","neve_meta_author_avatar":"","neve_post_elements_order":"","neve_meta_disable_header":"","neve_meta_disable_footer":"","neve_meta_disable_title":"","footnotes":""},"class_list":["post-39","page","type-page","status-publish","hentry"],"yoast_head":"<!-- This site is optimized with the Yoast SEO plugin v27.6 - https:\/\/yoast.com\/product\/yoast-seo-wordpress\/ -->\n<title>Pol\u00edticas de Privacidade - Ora\u00e7\u00e3o e F\u00e9<\/title>\n<meta name=\"robots\" content=\"index, follow, max-snippet:-1, max-image-preview:large, max-video-preview:-1\" \/>\n<link rel=\"canonical\" href=\"https:\/\/www.prayandfaith.com\/es\/politicas-de-privacidad\/\" \/>\n<meta property=\"og:locale\" content=\"es_ES\" \/>\n<meta property=\"og:type\" content=\"article\" \/>\n<meta property=\"og:title\" content=\"Pol\u00edticas de Privacidade - Ora\u00e7\u00e3o e F\u00e9\" \/>\n<meta property=\"og:description\" content=\"A sua privacidade \u00e9 importante para n\u00f3s. \u00c9 pol\u00edtica do Pray and Faith respeitar a sua privacidade em rela\u00e7\u00e3o a qualquer informa\u00e7\u00e3o sua que possamos coletar no site Pray and Faith, e outros sites que possu\u00edmos e operamos. Solicitamos informa\u00e7\u00f5es pessoais apenas quando realmente precisamos delas para lhe fornecer um servi\u00e7o. Fazemo-lo por meios justos&hellip;&nbsp;\" \/>\n<meta property=\"og:url\" content=\"https:\/\/www.prayandfaith.com\/es\/politicas-de-privacidad\/\" \/>\n<meta property=\"og:site_name\" content=\"Ora\u00e7\u00e3o e F\u00e9\" \/>\n<meta property=\"article:modified_time\" content=\"2026-01-07T17:52:03+00:00\" \/>\n<meta name=\"twitter:card\" content=\"summary_large_image\" \/>\n<meta name=\"twitter:label1\" content=\"Tiempo de lectura\" \/>\n\t<meta name=\"twitter:data1\" content=\"4 minutos\" \/>\n<script type=\"application\/ld+json\" class=\"yoast-schema-graph\">{\"@context\":\"https:\\\/\\\/schema.org\",\"@graph\":[{\"@type\":\"WebPage\",\"@id\":\"https:\\\/\\\/www.prayandfaith.com\\\/politicas-de-privacidade\\\/\",\"url\":\"https:\\\/\\\/www.prayandfaith.com\\\/politicas-de-privacidade\\\/\",\"name\":\"Pol\u00edticas de Privacidade - Ora\u00e7\u00e3o e F\u00e9\",\"isPartOf\":{\"@id\":\"https:\\\/\\\/www.prayandfaith.com\\\/#website\"},\"datePublished\":\"2022-11-06T16:15:20+00:00\",\"dateModified\":\"2026-01-07T17:52:03+00:00\",\"breadcrumb\":{\"@id\":\"https:\\\/\\\/www.prayandfaith.com\\\/politicas-de-privacidade\\\/#breadcrumb\"},\"inLanguage\":\"es\",\"potentialAction\":[{\"@type\":\"ReadAction\",\"target\":[\"https:\\\/\\\/www.prayandfaith.com\\\/politicas-de-privacidade\\\/\"]}]},{\"@type\":\"BreadcrumbList\",\"@id\":\"https:\\\/\\\/www.prayandfaith.com\\\/politicas-de-privacidade\\\/#breadcrumb\",\"itemListElement\":[{\"@type\":\"ListItem\",\"position\":1,\"name\":\"In\u00edcio\",\"item\":\"https:\\\/\\\/www.prayandfaith.com\\\/\"},{\"@type\":\"ListItem\",\"position\":2,\"name\":\"Pol\u00edticas de Privacidade\"}]},{\"@type\":\"WebSite\",\"@id\":\"https:\\\/\\\/www.prayandfaith.com\\\/#website\",\"url\":\"https:\\\/\\\/www.prayandfaith.com\\\/\",\"name\":\"PrayandFaith\",\"description\":\"O poder da Ora\u00e7\u00e3o e da F\u00e9\",\"publisher\":{\"@id\":\"https:\\\/\\\/www.prayandfaith.com\\\/#organization\"},\"potentialAction\":[{\"@type\":\"SearchAction\",\"target\":{\"@type\":\"EntryPoint\",\"urlTemplate\":\"https:\\\/\\\/www.prayandfaith.com\\\/?s={search_term_string}\"},\"query-input\":{\"@type\":\"PropertyValueSpecification\",\"valueRequired\":true,\"valueName\":\"search_term_string\"}}],\"inLanguage\":\"es\"},{\"@type\":\"Organization\",\"@id\":\"https:\\\/\\\/www.prayandfaith.com\\\/#organization\",\"name\":\"PrayandFaith\",\"url\":\"https:\\\/\\\/www.prayandfaith.com\\\/\",\"logo\":{\"@type\":\"ImageObject\",\"inLanguage\":\"es\",\"@id\":\"https:\\\/\\\/www.prayandfaith.com\\\/#\\\/schema\\\/logo\\\/image\\\/\",\"url\":\"https:\\\/\\\/www.prayandfaith.com\\\/wp-content\\\/uploads\\\/2025\\\/01\\\/cropped-pray-and-faith-1.jpg\",\"contentUrl\":\"https:\\\/\\\/www.prayandfaith.com\\\/wp-content\\\/uploads\\\/2025\\\/01\\\/cropped-pray-and-faith-1.jpg\",\"width\":400,\"height\":80,\"caption\":\"PrayandFaith\"},\"image\":{\"@id\":\"https:\\\/\\\/www.prayandfaith.com\\\/#\\\/schema\\\/logo\\\/image\\\/\"}}]}<\/script>\n<!-- \/ Yoast SEO plugin. -->","yoast_head_json":{"title":"Pol\u00edtica de privacidad - Oraci\u00f3n y Fe","robots":{"index":"index","follow":"follow","max-snippet":"max-snippet:-1","max-image-preview":"max-image-preview:large","max-video-preview":"max-video-preview:-1"},"canonical":"https:\/\/www.prayandfaith.com\/es\/politicas-de-privacidad\/","og_locale":"es_ES","og_type":"article","og_title":"Pol\u00edticas de Privacidade - Ora\u00e7\u00e3o e F\u00e9","og_description":"A sua privacidade \u00e9 importante para n\u00f3s. \u00c9 pol\u00edtica do Pray and Faith respeitar a sua privacidade em rela\u00e7\u00e3o a qualquer informa\u00e7\u00e3o sua que possamos coletar no site Pray and Faith, e outros sites que possu\u00edmos e operamos. Solicitamos informa\u00e7\u00f5es pessoais apenas quando realmente precisamos delas para lhe fornecer um servi\u00e7o. Fazemo-lo por meios justos&hellip;&nbsp;","og_url":"https:\/\/www.prayandfaith.com\/es\/politicas-de-privacidad\/","og_site_name":"Ora\u00e7\u00e3o e F\u00e9","article_modified_time":"2026-01-07T17:52:03+00:00","twitter_card":"summary_large_image","twitter_misc":{"Tiempo de lectura":"4 minutos"},"schema":{"@context":"https:\/\/schema.org","@graph":[{"@type":"WebPage","@id":"https:\/\/www.prayandfaith.com\/politicas-de-privacidade\/","url":"https:\/\/www.prayandfaith.com\/politicas-de-privacidade\/","name":"Pol\u00edtica de privacidad - Oraci\u00f3n y Fe","isPartOf":{"@id":"https:\/\/www.prayandfaith.com\/#website"},"datePublished":"2022-11-06T16:15:20+00:00","dateModified":"2026-01-07T17:52:03+00:00","breadcrumb":{"@id":"https:\/\/www.prayandfaith.com\/politicas-de-privacidade\/#breadcrumb"},"inLanguage":"es","potentialAction":[{"@type":"ReadAction","target":["https:\/\/www.prayandfaith.com\/politicas-de-privacidade\/"]}]},{"@type":"BreadcrumbList","@id":"https:\/\/www.prayandfaith.com\/politicas-de-privacidade\/#breadcrumb","itemListElement":[{"@type":"ListItem","position":1,"name":"In\u00edcio","item":"https:\/\/www.prayandfaith.com\/"},{"@type":"ListItem","position":2,"name":"Pol\u00edticas de Privacidade"}]},{"@type":"WebSite","@id":"https:\/\/www.prayandfaith.com\/#website","url":"https:\/\/www.prayandfaith.com\/","name":"Oraci\u00f3n y fe","description":"El poder de la oraci\u00f3n y la fe","publisher":{"@id":"https:\/\/www.prayandfaith.com\/#organization"},"potentialAction":[{"@type":"SearchAction","target":{"@type":"EntryPoint","urlTemplate":"https:\/\/www.prayandfaith.com\/?s={search_term_string}"},"query-input":{"@type":"PropertyValueSpecification","valueRequired":true,"valueName":"search_term_string"}}],"inLanguage":"es"},{"@type":"Organization","@id":"https:\/\/www.prayandfaith.com\/#organization","name":"Oraci\u00f3n y fe","url":"https:\/\/www.prayandfaith.com\/","logo":{"@type":"ImageObject","inLanguage":"es","@id":"https:\/\/www.prayandfaith.com\/#\/schema\/logo\/image\/","url":"https:\/\/www.prayandfaith.com\/wp-content\/uploads\/2025\/01\/cropped-pray-and-faith-1.jpg","contentUrl":"https:\/\/www.prayandfaith.com\/wp-content\/uploads\/2025\/01\/cropped-pray-and-faith-1.jpg","width":400,"height":80,"caption":"PrayandFaith"},"image":{"@id":"https:\/\/www.prayandfaith.com\/#\/schema\/logo\/image\/"}}]}},"_links":{"self":[{"href":"https:\/\/www.prayandfaith.com\/es\/wp-json\/wp\/v2\/pages\/39","targetHints":{"allow":["GET"]}}],"collection":[{"href":"https:\/\/www.prayandfaith.com\/es\/wp-json\/wp\/v2\/pages"}],"about":[{"href":"https:\/\/www.prayandfaith.com\/es\/wp-json\/wp\/v2\/types\/page"}],"author":[{"embeddable":true,"href":"https:\/\/www.prayandfaith.com\/es\/wp-json\/wp\/v2\/users\/1"}],"replies":[{"embeddable":true,"href":"https:\/\/www.prayandfaith.com\/es\/wp-json\/wp\/v2\/comments?post=39"}],"version-history":[{"count":4,"href":"https:\/\/www.prayandfaith.com\/es\/wp-json\/wp\/v2\/pages\/39\/revisions"}],"predecessor-version":[{"id":2244,"href":"https:\/\/www.prayandfaith.com\/es\/wp-json\/wp\/v2\/pages\/39\/revisions\/2244"}],"wp:attachment":[{"href":"https:\/\/www.prayandfaith.com\/es\/wp-json\/wp\/v2\/media?parent=39"}],"curies":[{"name":"gracias","href":"https:\/\/api.w.org\/{rel}","templated":true}]}}