{"id":44,"date":"2022-11-06T13:15:20","date_gmt":"2022-11-06T16:15:20","guid":{"rendered":"https:\/\/www.prayandfaith.com\/fale-conosco-cloned-at-2022-11-06-164038\/"},"modified":"2026-01-07T14:52:27","modified_gmt":"2026-01-07T17:52:27","slug":"who-we-are","status":"publish","type":"page","link":"https:\/\/www.prayandfaith.com\/en\/quem-somos\/","title":{"rendered":"Who we are"},"content":{"rendered":"<p>The website prayandfaith.com was born with the aim of helping people get to know God, connect with him and follow his teachings.<\/p>\n<p>Our content is aimed at you who want to receive a daily message of peace, motivation, prosperity and faith.<\/p>\n<p>It's clear that the hustle and bustle of everyday life has led many people away from faith and spirituality. Through technology, we want to revive this interest and bring you closer to God.<\/p>\n<p>Being connected to God means being in harmony in every aspect of your life. Having faith and believing that everything will work out is the first step towards greatness.<\/p>\n<p>Our mission is to help you! In a simple and uncomplicated way, we will put you on God's path, through biblical messages, teachings, motivational messages and prayers.<\/p>\n<p>We will do everything we can to help you on your journey of faith and prosperity. We believe in the beauty of life, based on a family that believes in God and his love.<\/p>\n<p>Come with us and allow yourself to walk a path of success and prosperity with God's grace.<\/p>\n<p>\"We must not grow weary in doing good. For we will get our harvest at the right time, if we do not give up\" Galatians 6:9<\/p>","protected":false},"excerpt":{"rendered":"<p>The website prayandfaith.com was created with the goal of helping people get to know God, connect with Him, and follow His teachings. Our content is geared towards those who want to receive a daily message of peace, motivation, prosperity, and faith. It&#039;s clear that the rush of daily life has distanced many people from faith\u2026&nbsp;<\/p>","protected":false},"author":1,"featured_media":0,"parent":0,"menu_order":0,"comment_status":"closed","ping_status":"closed","template":"","meta":{"neve_meta_sidebar":"","neve_meta_container":"","neve_meta_enable_content_width":"","neve_meta_content_width":0,"neve_meta_title_alignment":"","neve_meta_author_avatar":"","neve_post_elements_order":"","neve_meta_disable_header":"","neve_meta_disable_footer":"","neve_meta_disable_title":"","footnotes":""},"class_list":["post-44","page","type-page","status-publish","hentry"],"yoast_head":"<!-- This site is optimized with the Yoast SEO plugin v27.6 - https:\/\/yoast.com\/product\/yoast-seo-wordpress\/ -->\n<title>Quem somos - Ora\u00e7\u00e3o e F\u00e9<\/title>\n<meta name=\"robots\" content=\"index, follow, max-snippet:-1, max-image-preview:large, max-video-preview:-1\" \/>\n<link rel=\"canonical\" href=\"https:\/\/www.prayandfaith.com\/en\/who-we-are\/\" \/>\n<meta property=\"og:locale\" content=\"en_US\" \/>\n<meta property=\"og:type\" content=\"article\" \/>\n<meta property=\"og:title\" content=\"Quem somos - Ora\u00e7\u00e3o e F\u00e9\" \/>\n<meta property=\"og:description\" content=\"O site prayandfaith.com nasceu com o objetivo de ajudar as pessoas a conhecerem a Deus, conectar-se com Ele e seguir os seus ensinamentos. Nosso conte\u00fado \u00e9 voltado para voc\u00ea que quer receber diariamente uma mensagem de paz, motiva\u00e7\u00e3o, prosperidade e f\u00e9. \u00c9 evidente que a correria do dia a dia afastaram muitas pessoas da f\u00e9&hellip;&nbsp;\" \/>\n<meta property=\"og:url\" content=\"https:\/\/www.prayandfaith.com\/en\/who-we-are\/\" \/>\n<meta property=\"og:site_name\" content=\"Ora\u00e7\u00e3o e F\u00e9\" \/>\n<meta property=\"article:modified_time\" content=\"2026-01-07T17:52:27+00:00\" \/>\n<meta name=\"twitter:card\" content=\"summary_large_image\" \/>\n<meta name=\"twitter:label1\" content=\"Est. reading time\" \/>\n\t<meta name=\"twitter:data1\" content=\"1 minute\" \/>\n<script type=\"application\/ld+json\" class=\"yoast-schema-graph\">{\"@context\":\"https:\\\/\\\/schema.org\",\"@graph\":[{\"@type\":\"WebPage\",\"@id\":\"https:\\\/\\\/www.prayandfaith.com\\\/quem-somos\\\/\",\"url\":\"https:\\\/\\\/www.prayandfaith.com\\\/quem-somos\\\/\",\"name\":\"Quem somos - Ora\u00e7\u00e3o e F\u00e9\",\"isPartOf\":{\"@id\":\"https:\\\/\\\/www.prayandfaith.com\\\/#website\"},\"datePublished\":\"2022-11-06T16:15:20+00:00\",\"dateModified\":\"2026-01-07T17:52:27+00:00\",\"breadcrumb\":{\"@id\":\"https:\\\/\\\/www.prayandfaith.com\\\/quem-somos\\\/#breadcrumb\"},\"inLanguage\":\"en-US\",\"potentialAction\":[{\"@type\":\"ReadAction\",\"target\":[\"https:\\\/\\\/www.prayandfaith.com\\\/quem-somos\\\/\"]}]},{\"@type\":\"BreadcrumbList\",\"@id\":\"https:\\\/\\\/www.prayandfaith.com\\\/quem-somos\\\/#breadcrumb\",\"itemListElement\":[{\"@type\":\"ListItem\",\"position\":1,\"name\":\"In\u00edcio\",\"item\":\"https:\\\/\\\/www.prayandfaith.com\\\/\"},{\"@type\":\"ListItem\",\"position\":2,\"name\":\"Quem somos\"}]},{\"@type\":\"WebSite\",\"@id\":\"https:\\\/\\\/www.prayandfaith.com\\\/#website\",\"url\":\"https:\\\/\\\/www.prayandfaith.com\\\/\",\"name\":\"PrayandFaith\",\"description\":\"O poder da Ora\u00e7\u00e3o e da F\u00e9\",\"publisher\":{\"@id\":\"https:\\\/\\\/www.prayandfaith.com\\\/#organization\"},\"potentialAction\":[{\"@type\":\"SearchAction\",\"target\":{\"@type\":\"EntryPoint\",\"urlTemplate\":\"https:\\\/\\\/www.prayandfaith.com\\\/?s={search_term_string}\"},\"query-input\":{\"@type\":\"PropertyValueSpecification\",\"valueRequired\":true,\"valueName\":\"search_term_string\"}}],\"inLanguage\":\"en-US\"},{\"@type\":\"Organization\",\"@id\":\"https:\\\/\\\/www.prayandfaith.com\\\/#organization\",\"name\":\"PrayandFaith\",\"url\":\"https:\\\/\\\/www.prayandfaith.com\\\/\",\"logo\":{\"@type\":\"ImageObject\",\"inLanguage\":\"en-US\",\"@id\":\"https:\\\/\\\/www.prayandfaith.com\\\/#\\\/schema\\\/logo\\\/image\\\/\",\"url\":\"https:\\\/\\\/www.prayandfaith.com\\\/wp-content\\\/uploads\\\/2025\\\/01\\\/cropped-pray-and-faith-1.jpg\",\"contentUrl\":\"https:\\\/\\\/www.prayandfaith.com\\\/wp-content\\\/uploads\\\/2025\\\/01\\\/cropped-pray-and-faith-1.jpg\",\"width\":400,\"height\":80,\"caption\":\"PrayandFaith\"},\"image\":{\"@id\":\"https:\\\/\\\/www.prayandfaith.com\\\/#\\\/schema\\\/logo\\\/image\\\/\"}}]}<\/script>\n<!-- \/ Yoast SEO plugin. -->","yoast_head_json":{"title":"Who we are - Prayer and Faith","robots":{"index":"index","follow":"follow","max-snippet":"max-snippet:-1","max-image-preview":"max-image-preview:large","max-video-preview":"max-video-preview:-1"},"canonical":"https:\/\/www.prayandfaith.com\/en\/who-we-are\/","og_locale":"en_US","og_type":"article","og_title":"Quem somos - Ora\u00e7\u00e3o e F\u00e9","og_description":"O site prayandfaith.com nasceu com o objetivo de ajudar as pessoas a conhecerem a Deus, conectar-se com Ele e seguir os seus ensinamentos. Nosso conte\u00fado \u00e9 voltado para voc\u00ea que quer receber diariamente uma mensagem de paz, motiva\u00e7\u00e3o, prosperidade e f\u00e9. \u00c9 evidente que a correria do dia a dia afastaram muitas pessoas da f\u00e9&hellip;&nbsp;","og_url":"https:\/\/www.prayandfaith.com\/en\/who-we-are\/","og_site_name":"Ora\u00e7\u00e3o e F\u00e9","article_modified_time":"2026-01-07T17:52:27+00:00","twitter_card":"summary_large_image","twitter_misc":{"Est. reading time":"1 minute"},"schema":{"@context":"https:\/\/schema.org","@graph":[{"@type":"WebPage","@id":"https:\/\/www.prayandfaith.com\/quem-somos\/","url":"https:\/\/www.prayandfaith.com\/quem-somos\/","name":"Who we are - Prayer and Faith","isPartOf":{"@id":"https:\/\/www.prayandfaith.com\/#website"},"datePublished":"2022-11-06T16:15:20+00:00","dateModified":"2026-01-07T17:52:27+00:00","breadcrumb":{"@id":"https:\/\/www.prayandfaith.com\/quem-somos\/#breadcrumb"},"inLanguage":"en-US","potentialAction":[{"@type":"ReadAction","target":["https:\/\/www.prayandfaith.com\/quem-somos\/"]}]},{"@type":"BreadcrumbList","@id":"https:\/\/www.prayandfaith.com\/quem-somos\/#breadcrumb","itemListElement":[{"@type":"ListItem","position":1,"name":"In\u00edcio","item":"https:\/\/www.prayandfaith.com\/"},{"@type":"ListItem","position":2,"name":"Quem somos"}]},{"@type":"WebSite","@id":"https:\/\/www.prayandfaith.com\/#website","url":"https:\/\/www.prayandfaith.com\/","name":"PrayandFaith","description":"The Power of Prayer and Faith","publisher":{"@id":"https:\/\/www.prayandfaith.com\/#organization"},"potentialAction":[{"@type":"SearchAction","target":{"@type":"EntryPoint","urlTemplate":"https:\/\/www.prayandfaith.com\/?s={search_term_string}"},"query-input":{"@type":"PropertyValueSpecification","valueRequired":true,"valueName":"search_term_string"}}],"inLanguage":"en-US"},{"@type":"Organization","@id":"https:\/\/www.prayandfaith.com\/#organization","name":"PrayandFaith","url":"https:\/\/www.prayandfaith.com\/","logo":{"@type":"ImageObject","inLanguage":"en-US","@id":"https:\/\/www.prayandfaith.com\/#\/schema\/logo\/image\/","url":"https:\/\/www.prayandfaith.com\/wp-content\/uploads\/2025\/01\/cropped-pray-and-faith-1.jpg","contentUrl":"https:\/\/www.prayandfaith.com\/wp-content\/uploads\/2025\/01\/cropped-pray-and-faith-1.jpg","width":400,"height":80,"caption":"PrayandFaith"},"image":{"@id":"https:\/\/www.prayandfaith.com\/#\/schema\/logo\/image\/"}}]}},"_links":{"self":[{"href":"https:\/\/www.prayandfaith.com\/en\/wp-json\/wp\/v2\/pages\/44","targetHints":{"allow":["GET"]}}],"collection":[{"href":"https:\/\/www.prayandfaith.com\/en\/wp-json\/wp\/v2\/pages"}],"about":[{"href":"https:\/\/www.prayandfaith.com\/en\/wp-json\/wp\/v2\/types\/page"}],"author":[{"embeddable":true,"href":"https:\/\/www.prayandfaith.com\/en\/wp-json\/wp\/v2\/users\/1"}],"replies":[{"embeddable":true,"href":"https:\/\/www.prayandfaith.com\/en\/wp-json\/wp\/v2\/comments?post=44"}],"version-history":[{"count":4,"href":"https:\/\/www.prayandfaith.com\/en\/wp-json\/wp\/v2\/pages\/44\/revisions"}],"predecessor-version":[{"id":2245,"href":"https:\/\/www.prayandfaith.com\/en\/wp-json\/wp\/v2\/pages\/44\/revisions\/2245"}],"wp:attachment":[{"href":"https:\/\/www.prayandfaith.com\/en\/wp-json\/wp\/v2\/media?parent=44"}],"curies":[{"name":"wp","href":"https:\/\/api.w.org\/{rel}","templated":true}]}}