{"id":39,"date":"2022-11-06T13:15:20","date_gmt":"2022-11-06T16:15:20","guid":{"rendered":"https:\/\/www.prayandfaith.com\/termos-de-uso-cloned-at-2022-11-06-162347\/"},"modified":"2026-01-07T14:52:03","modified_gmt":"2026-01-07T17:52:03","slug":"privacy-policies","status":"publish","type":"page","link":"https:\/\/www.prayandfaith.com\/en\/politicas-de-privacidade\/","title":{"rendered":"Privacy Policy"},"content":{"rendered":"<p>Your privacy is important to us. It is Pray and Faith&#039;s policy to respect your privacy regarding any information we may collect from you on the website. <a href=\"https:\/\/www.prayandfaith.com\/en\/\">Pray and Faith<\/a>and other sites that we own and operate.<\/p>\n<p>We only request personal information when we truly need it to help you.<br \/>\nWe provide a service. We do so fairly and lawfully, with your knowledge and consent. We also inform you why we are collecting it and how it will be used.<\/p>\n<p>We only retain the collected information for as long as necessary to provide the requested service.<br \/>\nWhen we store data, we protect it within commercially acceptable means to prevent loss and theft, as well as unauthorized access, disclosure, copying, use, or modification.<\/p>\n<p>We do not share personally identifiable information publicly or with third parties, except as required by law.<\/p>\n<p>Our website may contain links to external sites that are not operated by us. Please be aware that we have no control over the content and practices of these sites and cannot accept responsibility for their respective policies. <a href=\"https:\/\/privacidade.me\/\" target=\"_BLANK\">privacy policies<\/a>.<\/p>\n<p>You are free to refuse our request for personal information, understanding that we may not be able to provide some of the services you desire.<\/p>\n<p>Continued use of our website will be considered acceptance of our practices regarding privacy and personal information. If you have any questions about how we handle your data...<br \/>\nuser and personal information, please contact us.<\/p>\n<h2>Pray and Faith Cookie Policy<\/h2>\n<h2>What are cookies?<\/h2>\n<p>As is common practice with almost all professional websites, this site uses cookies, which are small files downloaded to your computer, to improve your experience. This page describes what information they collect, how we use it, and why we sometimes need to store this information.<br \/>\nWe will also share how you can prevent these cookies from being stored; however, this may downgrade or &#039;break&#039; certain elements of the site&#039;s functionality.<\/p>\n<h2>How do we use cookies?<\/h2>\n<p>We use cookies for various reasons, detailed below. Unfortunately, in most cases, there are no industry standard options for disabling cookies without completely disabling the functionality and features they add to this site. It is recommended that you leave all cookies enabled if you are unsure whether you need them or not, in case they are used to provide a service you use.<\/p>\n<h2>Disabling cookies<\/h2>\n<p>You can prevent the setting of cookies by adjusting the settings on your browser (see your browser Help for how to do this). Be aware that disabling cookies will affect the<br \/>\nThe functionality of this and many other websites you visit. Disabling cookies will generally result in disabling certain functionalities and features of this website. Therefore, it is recommended that you do not disable cookies.<\/p>\n<h2>Cookies we set<\/h2>\n<p>Account-related cookies<br \/>\nIf you create an account with us, we will use cookies to manage the registration process and general administration. These cookies will generally be deleted when you log out of the system, however, in some cases, they may remain afterwards to remember references to your site when you leave.<\/p>\n<p>Login-related cookies<br \/>\nWe use cookies when you are logged in, so that we can remember<br \/>\nThis action prevents you from having to log in every time you visit a new page. These cookies are typically removed or cleared when you log out to ensure that you can only access restricted resources and areas when you are logged in.<\/p>\n<p>Cookies related to e-mail newsletters<br \/>\nThis website offers newsletter or email subscription services, and cookies may be used to remember if you are already registered and whether to show you certain valid notifications only.<br \/>\nfor registered \/ non-registered users.<\/p>\n<p>Requests processing related cookies<br \/>\nThis website offers e-commerce and payment facilities, and some cookies are essential to ensure your order is remembered between pages so we can process it properly.<\/p>\n<p>Search-related cookies<br \/>\nPeriodically, we offer surveys and questionnaires to provide interesting information, useful tools, or to understand our user base more accurately. These surveys may use cookies to remember who has already participated in a survey or to provide results.<br \/>\nneeded after changing the pages.<\/p>\n<p>Form-related cookies<br \/>\nWhen you submit data through a form, such as those found on contact pages or comment forms, cookies may be set to remember your user details for future correspondence.<\/p>\n<p>Site preference cookies<br \/>\nTo provide you with a great experience on this site, we offer functionality to set your preferences for how this site behaves when you use it. To remember your preferences, we need to set cookies so that this information can be retrieved whenever you interact with a page that is affected by your preferences.<\/p>\n<h2>Third-party cookies<\/h2>\n<p>In some special cases, we also use cookies provided by trusted third parties. The following section details which third-party cookies you may encounter through this website.<\/p>\n<p>This website uses Google Analytics, which is one of the most widespread and trusted analytics solutions on the web, to help us understand how you use the site and how we can improve your experience. These cookies may track things like how long you spend on the site and the pages you visit so we can continue to produce engaging content.<\/p>\n<p>For more information on Google Analytics cookies, see the official Google Analytics page.<\/p>\n<p>Third-party analytics are used to track and measure the use of this site so that we can continue to produce engaging content. These cookies may track things like how long you spend on the site or pages you visit, which helps us understand how we can improve the site for you. Periodically, we test new features and make subtle changes to the way the site presents itself. When we are still testing new features, these cookies may be used to ensure that you receive a consistent experience while on the site, while we understand which optimizations our users appreciate most. As we sell products, it&#039;s important for us to understand statistics about how many of our website visitors actually buy, and therefore this is the type of data these cookies will track. This is important to you because it means we can make accurate business predictions that allow us to analyze our advertising and product costs to ensure the best possible price.<\/p>\n<h2>User commitment<\/h2>\n<p>The user agrees to make appropriate use of the content and information that Pray and Faith offers on the website, including but not limited to:<\/p>\n<p>A) Do not engage in activities that are illegal or contrary to good faith or public order;<br \/>\nB) Not to disseminate propaganda or content of a racist or xenophobic nature, or related to gambling, games of chance, any type of illegal pornography, or content that promotes terrorism or violates human rights;<br \/>\nC) Not to cause damage to the physical (hardware) and logical (software) systems of Pray and Faith, its suppliers or third parties, by introducing or disseminating computer viruses or any other hardware or software systems capable of causing the aforementioned damage.<\/p>\n<h2>Third Party Privacy Policies<\/h2>\n<p>The Privacy Policy of the prayandfaith.com website does not apply to other advertisers or websites. Therefore, we advise you to consult the respective Privacy Policies of those ad servers.<br \/>\nFor more detailed information, consult third parties. This may include their practices and instructions on how to disable certain options.<\/p>\n<p>You can choose to disable cookies through your browser&#039;s individual settings. For more detailed information on managing cookies with specific browsers, you can consult your browser&#039;s website.<br \/>\nfound on the respective browser websites.<\/p>\n<h2>More information<\/h2>\n<p>We hope this is clear and, as mentioned before, if there&#039;s anything you&#039;re unsure about whether you need or not, it&#039;s generally safer to leave cookies enabled in case you interact with one of the<br \/>\nResources you use on our website. Google uses cookies, or unique device identifiers, in combination with your own data, to show ads based on your visit to prayandfaith.com and other sites. You can opt out of Google&#039;s use of cookies by visiting Google&#039;s related privacy policy.<\/p>\n<p>For more information on targeted advertising and how to opt out with your specific browser and device, go to D<a href=\"https:\/\/optout.aboutads.info\/?c=2&lang=EN\" target=\"_blank\" rel=\"noopener\">AA Webchoices Browser Check<\/a> e <a href=\"https:\/\/optout.networkadvertising.org\/?c=1\" target=\"_blank\" rel=\"noopener\">NAI Opt Out of Interest-Based Advertising<\/a>.<\/p>\n<p>This policy is effective from Nov\/2022.<\/p>","protected":false},"excerpt":{"rendered":"<p>Your privacy is important to us. It is Pray and Faith&#039;s policy to respect your privacy regarding any information we may collect from you on the Pray and Faith website, and other sites we own and operate. We only request personal information when we truly need it to provide you with a service. We do so by fair means\u2026&nbsp;<\/p>","protected":false},"author":1,"featured_media":0,"parent":0,"menu_order":0,"comment_status":"closed","ping_status":"closed","template":"","meta":{"neve_meta_sidebar":"","neve_meta_container":"","neve_meta_enable_content_width":"","neve_meta_content_width":0,"neve_meta_title_alignment":"","neve_meta_author_avatar":"","neve_post_elements_order":"","neve_meta_disable_header":"","neve_meta_disable_footer":"","neve_meta_disable_title":"","footnotes":""},"class_list":["post-39","page","type-page","status-publish","hentry"],"yoast_head":"<!-- This site is optimized with the Yoast SEO plugin v27.6 - https:\/\/yoast.com\/product\/yoast-seo-wordpress\/ -->\n<title>Pol\u00edticas de Privacidade - Ora\u00e7\u00e3o e F\u00e9<\/title>\n<meta name=\"robots\" content=\"index, follow, max-snippet:-1, max-image-preview:large, max-video-preview:-1\" \/>\n<link rel=\"canonical\" href=\"https:\/\/www.prayandfaith.com\/en\/privacy-policies\/\" \/>\n<meta property=\"og:locale\" content=\"en_US\" \/>\n<meta property=\"og:type\" content=\"article\" \/>\n<meta property=\"og:title\" content=\"Pol\u00edticas de Privacidade - Ora\u00e7\u00e3o e F\u00e9\" \/>\n<meta property=\"og:description\" content=\"A sua privacidade \u00e9 importante para n\u00f3s. \u00c9 pol\u00edtica do Pray and Faith respeitar a sua privacidade em rela\u00e7\u00e3o a qualquer informa\u00e7\u00e3o sua que possamos coletar no site Pray and Faith, e outros sites que possu\u00edmos e operamos. Solicitamos informa\u00e7\u00f5es pessoais apenas quando realmente precisamos delas para lhe fornecer um servi\u00e7o. Fazemo-lo por meios justos&hellip;&nbsp;\" \/>\n<meta property=\"og:url\" content=\"https:\/\/www.prayandfaith.com\/en\/privacy-policies\/\" \/>\n<meta property=\"og:site_name\" content=\"Ora\u00e7\u00e3o e F\u00e9\" \/>\n<meta property=\"article:modified_time\" content=\"2026-01-07T17:52:03+00:00\" \/>\n<meta name=\"twitter:card\" content=\"summary_large_image\" \/>\n<meta name=\"twitter:label1\" content=\"Est. reading time\" \/>\n\t<meta name=\"twitter:data1\" content=\"4 minutes\" \/>\n<script type=\"application\/ld+json\" class=\"yoast-schema-graph\">{\"@context\":\"https:\\\/\\\/schema.org\",\"@graph\":[{\"@type\":\"WebPage\",\"@id\":\"https:\\\/\\\/www.prayandfaith.com\\\/politicas-de-privacidade\\\/\",\"url\":\"https:\\\/\\\/www.prayandfaith.com\\\/politicas-de-privacidade\\\/\",\"name\":\"Pol\u00edticas de Privacidade - Ora\u00e7\u00e3o e F\u00e9\",\"isPartOf\":{\"@id\":\"https:\\\/\\\/www.prayandfaith.com\\\/#website\"},\"datePublished\":\"2022-11-06T16:15:20+00:00\",\"dateModified\":\"2026-01-07T17:52:03+00:00\",\"breadcrumb\":{\"@id\":\"https:\\\/\\\/www.prayandfaith.com\\\/politicas-de-privacidade\\\/#breadcrumb\"},\"inLanguage\":\"en-US\",\"potentialAction\":[{\"@type\":\"ReadAction\",\"target\":[\"https:\\\/\\\/www.prayandfaith.com\\\/politicas-de-privacidade\\\/\"]}]},{\"@type\":\"BreadcrumbList\",\"@id\":\"https:\\\/\\\/www.prayandfaith.com\\\/politicas-de-privacidade\\\/#breadcrumb\",\"itemListElement\":[{\"@type\":\"ListItem\",\"position\":1,\"name\":\"In\u00edcio\",\"item\":\"https:\\\/\\\/www.prayandfaith.com\\\/\"},{\"@type\":\"ListItem\",\"position\":2,\"name\":\"Pol\u00edticas de Privacidade\"}]},{\"@type\":\"WebSite\",\"@id\":\"https:\\\/\\\/www.prayandfaith.com\\\/#website\",\"url\":\"https:\\\/\\\/www.prayandfaith.com\\\/\",\"name\":\"PrayandFaith\",\"description\":\"O poder da Ora\u00e7\u00e3o e da F\u00e9\",\"publisher\":{\"@id\":\"https:\\\/\\\/www.prayandfaith.com\\\/#organization\"},\"potentialAction\":[{\"@type\":\"SearchAction\",\"target\":{\"@type\":\"EntryPoint\",\"urlTemplate\":\"https:\\\/\\\/www.prayandfaith.com\\\/?s={search_term_string}\"},\"query-input\":{\"@type\":\"PropertyValueSpecification\",\"valueRequired\":true,\"valueName\":\"search_term_string\"}}],\"inLanguage\":\"en-US\"},{\"@type\":\"Organization\",\"@id\":\"https:\\\/\\\/www.prayandfaith.com\\\/#organization\",\"name\":\"PrayandFaith\",\"url\":\"https:\\\/\\\/www.prayandfaith.com\\\/\",\"logo\":{\"@type\":\"ImageObject\",\"inLanguage\":\"en-US\",\"@id\":\"https:\\\/\\\/www.prayandfaith.com\\\/#\\\/schema\\\/logo\\\/image\\\/\",\"url\":\"https:\\\/\\\/www.prayandfaith.com\\\/wp-content\\\/uploads\\\/2025\\\/01\\\/cropped-pray-and-faith-1.jpg\",\"contentUrl\":\"https:\\\/\\\/www.prayandfaith.com\\\/wp-content\\\/uploads\\\/2025\\\/01\\\/cropped-pray-and-faith-1.jpg\",\"width\":400,\"height\":80,\"caption\":\"PrayandFaith\"},\"image\":{\"@id\":\"https:\\\/\\\/www.prayandfaith.com\\\/#\\\/schema\\\/logo\\\/image\\\/\"}}]}<\/script>\n<!-- \/ Yoast SEO plugin. -->","yoast_head_json":{"title":"Privacy Policy - Prayer and Faith","robots":{"index":"index","follow":"follow","max-snippet":"max-snippet:-1","max-image-preview":"max-image-preview:large","max-video-preview":"max-video-preview:-1"},"canonical":"https:\/\/www.prayandfaith.com\/en\/privacy-policies\/","og_locale":"en_US","og_type":"article","og_title":"Pol\u00edticas de Privacidade - Ora\u00e7\u00e3o e F\u00e9","og_description":"A sua privacidade \u00e9 importante para n\u00f3s. \u00c9 pol\u00edtica do Pray and Faith respeitar a sua privacidade em rela\u00e7\u00e3o a qualquer informa\u00e7\u00e3o sua que possamos coletar no site Pray and Faith, e outros sites que possu\u00edmos e operamos. Solicitamos informa\u00e7\u00f5es pessoais apenas quando realmente precisamos delas para lhe fornecer um servi\u00e7o. Fazemo-lo por meios justos&hellip;&nbsp;","og_url":"https:\/\/www.prayandfaith.com\/en\/privacy-policies\/","og_site_name":"Ora\u00e7\u00e3o e F\u00e9","article_modified_time":"2026-01-07T17:52:03+00:00","twitter_card":"summary_large_image","twitter_misc":{"Est. reading time":"4 minutes"},"schema":{"@context":"https:\/\/schema.org","@graph":[{"@type":"WebPage","@id":"https:\/\/www.prayandfaith.com\/politicas-de-privacidade\/","url":"https:\/\/www.prayandfaith.com\/politicas-de-privacidade\/","name":"Privacy Policy - Prayer and Faith","isPartOf":{"@id":"https:\/\/www.prayandfaith.com\/#website"},"datePublished":"2022-11-06T16:15:20+00:00","dateModified":"2026-01-07T17:52:03+00:00","breadcrumb":{"@id":"https:\/\/www.prayandfaith.com\/politicas-de-privacidade\/#breadcrumb"},"inLanguage":"en-US","potentialAction":[{"@type":"ReadAction","target":["https:\/\/www.prayandfaith.com\/politicas-de-privacidade\/"]}]},{"@type":"BreadcrumbList","@id":"https:\/\/www.prayandfaith.com\/politicas-de-privacidade\/#breadcrumb","itemListElement":[{"@type":"ListItem","position":1,"name":"In\u00edcio","item":"https:\/\/www.prayandfaith.com\/"},{"@type":"ListItem","position":2,"name":"Pol\u00edticas de Privacidade"}]},{"@type":"WebSite","@id":"https:\/\/www.prayandfaith.com\/#website","url":"https:\/\/www.prayandfaith.com\/","name":"PrayandFaith","description":"The Power of Prayer and Faith","publisher":{"@id":"https:\/\/www.prayandfaith.com\/#organization"},"potentialAction":[{"@type":"SearchAction","target":{"@type":"EntryPoint","urlTemplate":"https:\/\/www.prayandfaith.com\/?s={search_term_string}"},"query-input":{"@type":"PropertyValueSpecification","valueRequired":true,"valueName":"search_term_string"}}],"inLanguage":"en-US"},{"@type":"Organization","@id":"https:\/\/www.prayandfaith.com\/#organization","name":"PrayandFaith","url":"https:\/\/www.prayandfaith.com\/","logo":{"@type":"ImageObject","inLanguage":"en-US","@id":"https:\/\/www.prayandfaith.com\/#\/schema\/logo\/image\/","url":"https:\/\/www.prayandfaith.com\/wp-content\/uploads\/2025\/01\/cropped-pray-and-faith-1.jpg","contentUrl":"https:\/\/www.prayandfaith.com\/wp-content\/uploads\/2025\/01\/cropped-pray-and-faith-1.jpg","width":400,"height":80,"caption":"PrayandFaith"},"image":{"@id":"https:\/\/www.prayandfaith.com\/#\/schema\/logo\/image\/"}}]}},"_links":{"self":[{"href":"https:\/\/www.prayandfaith.com\/en\/wp-json\/wp\/v2\/pages\/39","targetHints":{"allow":["GET"]}}],"collection":[{"href":"https:\/\/www.prayandfaith.com\/en\/wp-json\/wp\/v2\/pages"}],"about":[{"href":"https:\/\/www.prayandfaith.com\/en\/wp-json\/wp\/v2\/types\/page"}],"author":[{"embeddable":true,"href":"https:\/\/www.prayandfaith.com\/en\/wp-json\/wp\/v2\/users\/1"}],"replies":[{"embeddable":true,"href":"https:\/\/www.prayandfaith.com\/en\/wp-json\/wp\/v2\/comments?post=39"}],"version-history":[{"count":4,"href":"https:\/\/www.prayandfaith.com\/en\/wp-json\/wp\/v2\/pages\/39\/revisions"}],"predecessor-version":[{"id":2244,"href":"https:\/\/www.prayandfaith.com\/en\/wp-json\/wp\/v2\/pages\/39\/revisions\/2244"}],"wp:attachment":[{"href":"https:\/\/www.prayandfaith.com\/en\/wp-json\/wp\/v2\/media?parent=39"}],"curies":[{"name":"wp","href":"https:\/\/api.w.org\/{rel}","templated":true}]}}